{"id":604,"date":"2021-11-08T19:45:38","date_gmt":"2021-11-08T18:45:38","guid":{"rendered":"https:\/\/victorum-capital.com\/ru\/?page_id=604"},"modified":"2021-12-01T19:53:27","modified_gmt":"2021-12-01T18:53:27","slug":"politik","status":"publish","type":"page","link":"https:\/\/victorum-capital.com\/ru\/politik\/","title":{"rendered":"Politik"},"content":{"rendered":"<div data-elementor-type=\"wp-page\" data-elementor-id=\"604\" class=\"elementor elementor-604\">\n\t\t\t\t\t\t\t\t\t<section class=\"elementor-section elementor-top-section elementor-element elementor-element-7e56929 elementor-section-full_width elementor-section-content-middle elementor-section-height-default elementor-section-height-default\" data-id=\"7e56929\" data-element_type=\"section\">\n\t\t\t\t\t\t<div class=\"elementor-container elementor-column-gap-no\">\n\t\t\t\t\t<div class=\"elementor-column elementor-col-50 elementor-top-column elementor-element elementor-element-408ae1b\" data-id=\"408ae1b\" data-element_type=\"column\">\n\t\t\t<div class=\"elementor-widget-wrap elementor-element-populated\">\n\t\t\t\t\t\t\t\t<div class=\"elementor-element elementor-element-aa31977 elementor-widget elementor-widget-heading\" data-id=\"aa31977\" data-element_type=\"widget\" data-widget_type=\"heading.default\">\n\t\t\t\t<div class=\"elementor-widget-container\">\n\t\t\t<style>\/*! elementor - v3.18.0 - 20-12-2023 *\/\n.elementor-heading-title{padding:0;margin:0;line-height:1}.elementor-widget-heading .elementor-heading-title[class*=elementor-size-]>a{color:inherit;font-size:inherit;line-height:inherit}.elementor-widget-heading .elementor-heading-title.elementor-size-small{font-size:15px}.elementor-widget-heading .elementor-heading-title.elementor-size-medium{font-size:19px}.elementor-widget-heading .elementor-heading-title.elementor-size-large{font-size:29px}.elementor-widget-heading .elementor-heading-title.elementor-size-xl{font-size:39px}.elementor-widget-heading .elementor-heading-title.elementor-size-xxl{font-size:59px}<\/style><h3 class=\"elementor-heading-title elementor-size-default\">Politik<\/h3>\t\t<\/div>\n\t\t\t\t<\/div>\n\t\t\t\t<div class=\"elementor-element elementor-element-95c8041 elementor-widget elementor-widget-text-editor\" data-id=\"95c8041\" data-element_type=\"widget\" data-widget_type=\"text-editor.default\">\n\t\t\t\t<div class=\"elementor-widget-container\">\n\t\t\t<style>\/*! elementor - v3.18.0 - 20-12-2023 *\/\n.elementor-widget-text-editor.elementor-drop-cap-view-stacked .elementor-drop-cap{background-color:#69727d;color:#fff}.elementor-widget-text-editor.elementor-drop-cap-view-framed .elementor-drop-cap{color:#69727d;border:3px solid;background-color:transparent}.elementor-widget-text-editor:not(.elementor-drop-cap-view-default) .elementor-drop-cap{margin-top:8px}.elementor-widget-text-editor:not(.elementor-drop-cap-view-default) .elementor-drop-cap-letter{width:1em;height:1em}.elementor-widget-text-editor .elementor-drop-cap{float:left;text-align:center;line-height:1;font-size:50px}.elementor-widget-text-editor .elementor-drop-cap-letter{display:inline-block}<\/style>Das Kleingedruckte ist nicht unwichtig &#8211; und das finden Sie hier auf einen Blick&#8230;und zwar nicht kleingedruckt!\t\t<\/div>\n\t\t\t\t<\/div>\n\t\t\t\t<div class=\"elementor-element elementor-element-6c28072 elementor-widget-divider--view-line elementor-widget elementor-widget-divider\" data-id=\"6c28072\" data-element_type=\"widget\" data-widget_type=\"divider.default\">\n\t\t\t\t<div class=\"elementor-widget-container\">\n\t\t\t<style>\/*! elementor - v3.18.0 - 20-12-2023 *\/\n.elementor-widget-divider{--divider-border-style:none;--divider-border-width:1px;--divider-color:#0c0d0e;--divider-icon-size:20px;--divider-element-spacing:10px;--divider-pattern-height:24px;--divider-pattern-size:20px;--divider-pattern-url:none;--divider-pattern-repeat:repeat-x}.elementor-widget-divider .elementor-divider{display:flex}.elementor-widget-divider .elementor-divider__text{font-size:15px;line-height:1;max-width:95%}.elementor-widget-divider .elementor-divider__element{margin:0 var(--divider-element-spacing);flex-shrink:0}.elementor-widget-divider .elementor-icon{font-size:var(--divider-icon-size)}.elementor-widget-divider .elementor-divider-separator{display:flex;margin:0;direction:ltr}.elementor-widget-divider--view-line_icon .elementor-divider-separator,.elementor-widget-divider--view-line_text .elementor-divider-separator{align-items:center}.elementor-widget-divider--view-line_icon .elementor-divider-separator:after,.elementor-widget-divider--view-line_icon .elementor-divider-separator:before,.elementor-widget-divider--view-line_text .elementor-divider-separator:after,.elementor-widget-divider--view-line_text .elementor-divider-separator:before{display:block;content:\"\";border-bottom:0;flex-grow:1;border-top:var(--divider-border-width) var(--divider-border-style) var(--divider-color)}.elementor-widget-divider--element-align-left .elementor-divider .elementor-divider-separator>.elementor-divider__svg:first-of-type{flex-grow:0;flex-shrink:100}.elementor-widget-divider--element-align-left .elementor-divider-separator:before{content:none}.elementor-widget-divider--element-align-left .elementor-divider__element{margin-left:0}.elementor-widget-divider--element-align-right .elementor-divider .elementor-divider-separator>.elementor-divider__svg:last-of-type{flex-grow:0;flex-shrink:100}.elementor-widget-divider--element-align-right .elementor-divider-separator:after{content:none}.elementor-widget-divider--element-align-right .elementor-divider__element{margin-right:0}.elementor-widget-divider:not(.elementor-widget-divider--view-line_text):not(.elementor-widget-divider--view-line_icon) .elementor-divider-separator{border-top:var(--divider-border-width) var(--divider-border-style) var(--divider-color)}.elementor-widget-divider--separator-type-pattern{--divider-border-style:none}.elementor-widget-divider--separator-type-pattern.elementor-widget-divider--view-line .elementor-divider-separator,.elementor-widget-divider--separator-type-pattern:not(.elementor-widget-divider--view-line) .elementor-divider-separator:after,.elementor-widget-divider--separator-type-pattern:not(.elementor-widget-divider--view-line) .elementor-divider-separator:before,.elementor-widget-divider--separator-type-pattern:not([class*=elementor-widget-divider--view]) .elementor-divider-separator{width:100%;min-height:var(--divider-pattern-height);-webkit-mask-size:var(--divider-pattern-size) 100%;mask-size:var(--divider-pattern-size) 100%;-webkit-mask-repeat:var(--divider-pattern-repeat);mask-repeat:var(--divider-pattern-repeat);background-color:var(--divider-color);-webkit-mask-image:var(--divider-pattern-url);mask-image:var(--divider-pattern-url)}.elementor-widget-divider--no-spacing{--divider-pattern-size:auto}.elementor-widget-divider--bg-round{--divider-pattern-repeat:round}.rtl .elementor-widget-divider .elementor-divider__text{direction:rtl}.e-con-inner>.elementor-widget-divider,.e-con>.elementor-widget-divider{width:var(--container-widget-width,100%);--flex-grow:var(--container-widget-flex-grow)}<\/style><div class=\"elementor-divider\">\n\t\t\t<span class=\"elementor-divider-separator\">\n\t\t\t\t\t\t<\/span>\n\t\t<\/div>\t\t<\/div>\n\t\t\t\t<\/div>\n\t\t\t\t\t<\/div>\n\t\t<\/div>\n\t\t\t\t<div class=\"elementor-column elementor-col-50 elementor-top-column elementor-element elementor-element-3f5ef3f\" data-id=\"3f5ef3f\" data-element_type=\"column\">\n\t\t\t<div class=\"elementor-widget-wrap elementor-element-populated\">\n\t\t\t\t\t\t\t\t<div class=\"elementor-element elementor-element-1c98809 elementor-widget elementor-widget-text-editor\" data-id=\"1c98809\" data-element_type=\"widget\" data-widget_type=\"text-editor.default\">\n\t\t\t\t<div class=\"elementor-widget-container\">\n\t\t\t<p class=\"p2\">Die Victorum Capital Inc. und ihre Tochtergesellschaften (\u00abVictorum\u00bb, \u00abwir\u00bb oder \u00abuns\u00bb) heissen Sie herzlich willkommen auf unserer Homepage. Wir freuen uns \u00fcber Ihren Besuch auf unserer Homepage, Ihre Nutzung unserer Mobile Apps, die Inanspruchnahme unserer elektronischen Dienstleistungen und Ihr Interesse an unseren Produkten und Serviceleistungen.<\/p>\n<p class=\"p2\">Die von der Victorum Capital Inc. grunds\u00e4tzlich gelebte Diskretion hat fundamentale Bedeutung bei der Abwicklung unserer Gesch\u00e4fte und der Betreuung unserer Investoren und Kunden und ist die Basis f\u00fcr das Vertrauen einer erfolgreichen Gesch\u00e4ftsbeziehung. <span class=\"Apple-converted-space\">&nbsp;<\/span><\/p>\n<p class=\"p2\">In einer Welt, in der immer h\u00e4ufiger Datenleks, Hackerangriffe und Phishing-Attacken geschehen, legen wir einen ganz besonderen Wert auf den Schutz Ihrer Privatsph\u00e4re und Ihrer pers\u00f6nlichen Daten.<\/p>\n<p class=\"p2\">Wir sind uns bewusst, dass Sie uns durch die Nutzung unserer Dienstleistungen und unserer Technologien personenbezogene Informationen anvertrauen. Daher wollen wir Ihnen versichern, dass wir unsere Verantwortung zum Schutz und zur Sicherung dieser Daten sehr ernst nehmen.<\/p>\n<p class=\"p2\">Weiter k\u00f6nnen wir Ihnen gew\u00e4hrleisten, dass unser Unternehmen Ihre personenbezogenen Daten stets vertrauensw\u00fcrdig sowie nach bestem Treu und Glauben nutzt und dabei alle geltenden Bestimmungen zum Schutz personenbezogener Daten einh\u00e4lt. Weitere Informationen dazu erhalten Sie in unserer <a href=\"https:\/\/victorum-capital.com\/ru\/?page_id=607\">Datenschutzerkl\u00e4rung<\/a>.<\/p>\n<p class=\"p2\">Wir garantieren, dass wir Ihre personenbezogenen Daten nur dann mit dritten Stellen (Beh\u00f6rden, Finanz\u00e4mter, Banken o.\u00e4.) teilen, wenn wir durch eine richterliche Anordnung der eine vergleichbare gesetzliche Anordnung dazu aufgefordert werden.<\/p>\n<p class=\"p2\">Sie haben das Recht auf genaue Informationen dar\u00fcber, wie wir Ihre personenbezogenen Daten nutzen &#8211; klicken Sie einfach <a href=\"https:\/\/victorum-capital.com\/ru\/?page_id=610\">hier<\/a> und wir kommunizieren Ihnen transparent und vollst\u00e4ndig, welche Daten wir von Ihnen gespeichert haben und wie diese von uns genutzt werden.<\/p>\n<p class=\"p2\">Wenn Sie irgendwelche Bedenken wegen der Nutzung Ihrer personenbezogenen Daten durch uns haben, stehen wir Ihnen gerne zur Verf\u00fcgung, um diese rasch zu zerstreuen &#8211; senden Sie uns einfach eine E-Mail an datenschutz@victorum-capital.com.<\/p>\t\t<\/div>\n\t\t\t\t<\/div>\n\t\t\t\t\t<\/div>\n\t\t<\/div>\n\t\t\t\t\t\t\t<\/div>\n\t\t<\/section>\n\t\t\t\t\t\t\t<\/div>","protected":false},"excerpt":{"rendered":"<p>Politik Das Kleingedruckte ist nicht unwichtig &#8211; und das finden Sie hier auf einen Blick&#8230;und zwar nicht kleingedruckt! Die Victorum Capital Inc. und ihre Tochtergesellschaften (\u00abVictorum\u00bb, \u00abwir\u00bb oder \u00abuns\u00bb) heissen Sie herzlich willkommen auf unserer Homepage. Wir freuen uns \u00fcber Ihren Besuch auf unserer Homepage, Ihre Nutzung unserer Mobile Apps, die Inanspruchnahme unserer elektronischen Dienstleistungen [&hellip;]<\/p>\n","protected":false},"author":2,"featured_media":0,"parent":0,"menu_order":0,"comment_status":"closed","ping_status":"closed","template":"","meta":{"_acf_changed":false,"footnotes":""},"acf":[],"_links":{"self":[{"href":"https:\/\/victorum-capital.com\/ru\/wp-json\/wp\/v2\/pages\/604"}],"collection":[{"href":"https:\/\/victorum-capital.com\/ru\/wp-json\/wp\/v2\/pages"}],"about":[{"href":"https:\/\/victorum-capital.com\/ru\/wp-json\/wp\/v2\/types\/page"}],"author":[{"embeddable":true,"href":"https:\/\/victorum-capital.com\/ru\/wp-json\/wp\/v2\/users\/2"}],"replies":[{"embeddable":true,"href":"https:\/\/victorum-capital.com\/ru\/wp-json\/wp\/v2\/comments?post=604"}],"version-history":[{"count":25,"href":"https:\/\/victorum-capital.com\/ru\/wp-json\/wp\/v2\/pages\/604\/revisions"}],"predecessor-version":[{"id":2803,"href":"https:\/\/victorum-capital.com\/ru\/wp-json\/wp\/v2\/pages\/604\/revisions\/2803"}],"wp:attachment":[{"href":"https:\/\/victorum-capital.com\/ru\/wp-json\/wp\/v2\/media?parent=604"}],"curies":[{"name":"wp","href":"https:\/\/api.w.org\/{rel}","templated":true}]}}