{"id":566,"date":"2021-11-08T19:31:49","date_gmt":"2021-11-08T18:31:49","guid":{"rendered":"https:\/\/victorum-capital.com\/ru\/?page_id=566"},"modified":"2021-12-01T19:44:44","modified_gmt":"2021-12-01T18:44:44","slug":"regulierung","status":"publish","type":"page","link":"https:\/\/victorum-capital.com\/ru\/regulierung\/","title":{"rendered":"Regulierung"},"content":{"rendered":"<div data-elementor-type=\"wp-page\" data-elementor-id=\"566\" class=\"elementor elementor-566\">\n\t\t\t\t\t\t\t\t\t<section class=\"elementor-section elementor-top-section elementor-element elementor-element-7e56929 elementor-section-full_width elementor-section-content-middle elementor-section-height-default elementor-section-height-default\" data-id=\"7e56929\" data-element_type=\"section\">\n\t\t\t\t\t\t<div class=\"elementor-container elementor-column-gap-no\">\n\t\t\t\t\t<div class=\"elementor-column elementor-col-50 elementor-top-column elementor-element elementor-element-408ae1b\" data-id=\"408ae1b\" data-element_type=\"column\">\n\t\t\t<div class=\"elementor-widget-wrap elementor-element-populated\">\n\t\t\t\t\t\t\t\t<div class=\"elementor-element elementor-element-aa31977 elementor-widget elementor-widget-heading\" data-id=\"aa31977\" data-element_type=\"widget\" data-widget_type=\"heading.default\">\n\t\t\t\t<div class=\"elementor-widget-container\">\n\t\t\t<style>\/*! elementor - v3.18.0 - 20-12-2023 *\/\n.elementor-heading-title{padding:0;margin:0;line-height:1}.elementor-widget-heading .elementor-heading-title[class*=elementor-size-]>a{color:inherit;font-size:inherit;line-height:inherit}.elementor-widget-heading .elementor-heading-title.elementor-size-small{font-size:15px}.elementor-widget-heading .elementor-heading-title.elementor-size-medium{font-size:19px}.elementor-widget-heading .elementor-heading-title.elementor-size-large{font-size:29px}.elementor-widget-heading .elementor-heading-title.elementor-size-xl{font-size:39px}.elementor-widget-heading .elementor-heading-title.elementor-size-xxl{font-size:59px}<\/style><h3 class=\"elementor-heading-title elementor-size-default\">Regulierung<\/h3>\t\t<\/div>\n\t\t\t\t<\/div>\n\t\t\t\t<div class=\"elementor-element elementor-element-6c28072 elementor-widget-divider--view-line elementor-widget elementor-widget-divider\" data-id=\"6c28072\" data-element_type=\"widget\" data-widget_type=\"divider.default\">\n\t\t\t\t<div class=\"elementor-widget-container\">\n\t\t\t<style>\/*! elementor - v3.18.0 - 20-12-2023 *\/\n.elementor-widget-divider{--divider-border-style:none;--divider-border-width:1px;--divider-color:#0c0d0e;--divider-icon-size:20px;--divider-element-spacing:10px;--divider-pattern-height:24px;--divider-pattern-size:20px;--divider-pattern-url:none;--divider-pattern-repeat:repeat-x}.elementor-widget-divider .elementor-divider{display:flex}.elementor-widget-divider .elementor-divider__text{font-size:15px;line-height:1;max-width:95%}.elementor-widget-divider .elementor-divider__element{margin:0 var(--divider-element-spacing);flex-shrink:0}.elementor-widget-divider .elementor-icon{font-size:var(--divider-icon-size)}.elementor-widget-divider .elementor-divider-separator{display:flex;margin:0;direction:ltr}.elementor-widget-divider--view-line_icon .elementor-divider-separator,.elementor-widget-divider--view-line_text .elementor-divider-separator{align-items:center}.elementor-widget-divider--view-line_icon .elementor-divider-separator:after,.elementor-widget-divider--view-line_icon .elementor-divider-separator:before,.elementor-widget-divider--view-line_text .elementor-divider-separator:after,.elementor-widget-divider--view-line_text .elementor-divider-separator:before{display:block;content:\"\";border-bottom:0;flex-grow:1;border-top:var(--divider-border-width) var(--divider-border-style) var(--divider-color)}.elementor-widget-divider--element-align-left .elementor-divider .elementor-divider-separator>.elementor-divider__svg:first-of-type{flex-grow:0;flex-shrink:100}.elementor-widget-divider--element-align-left .elementor-divider-separator:before{content:none}.elementor-widget-divider--element-align-left .elementor-divider__element{margin-left:0}.elementor-widget-divider--element-align-right .elementor-divider .elementor-divider-separator>.elementor-divider__svg:last-of-type{flex-grow:0;flex-shrink:100}.elementor-widget-divider--element-align-right .elementor-divider-separator:after{content:none}.elementor-widget-divider--element-align-right .elementor-divider__element{margin-right:0}.elementor-widget-divider:not(.elementor-widget-divider--view-line_text):not(.elementor-widget-divider--view-line_icon) .elementor-divider-separator{border-top:var(--divider-border-width) var(--divider-border-style) var(--divider-color)}.elementor-widget-divider--separator-type-pattern{--divider-border-style:none}.elementor-widget-divider--separator-type-pattern.elementor-widget-divider--view-line .elementor-divider-separator,.elementor-widget-divider--separator-type-pattern:not(.elementor-widget-divider--view-line) .elementor-divider-separator:after,.elementor-widget-divider--separator-type-pattern:not(.elementor-widget-divider--view-line) .elementor-divider-separator:before,.elementor-widget-divider--separator-type-pattern:not([class*=elementor-widget-divider--view]) .elementor-divider-separator{width:100%;min-height:var(--divider-pattern-height);-webkit-mask-size:var(--divider-pattern-size) 100%;mask-size:var(--divider-pattern-size) 100%;-webkit-mask-repeat:var(--divider-pattern-repeat);mask-repeat:var(--divider-pattern-repeat);background-color:var(--divider-color);-webkit-mask-image:var(--divider-pattern-url);mask-image:var(--divider-pattern-url)}.elementor-widget-divider--no-spacing{--divider-pattern-size:auto}.elementor-widget-divider--bg-round{--divider-pattern-repeat:round}.rtl .elementor-widget-divider .elementor-divider__text{direction:rtl}.e-con-inner>.elementor-widget-divider,.e-con>.elementor-widget-divider{width:var(--container-widget-width,100%);--flex-grow:var(--container-widget-flex-grow)}<\/style><div class=\"elementor-divider\">\n\t\t\t<span class=\"elementor-divider-separator\">\n\t\t\t\t\t\t<\/span>\n\t\t<\/div>\t\t<\/div>\n\t\t\t\t<\/div>\n\t\t\t\t<div class=\"elementor-element elementor-element-95c8041 elementor-widget elementor-widget-text-editor\" data-id=\"95c8041\" data-element_type=\"widget\" data-widget_type=\"text-editor.default\">\n\t\t\t\t<div class=\"elementor-widget-container\">\n\t\t\t<style>\/*! elementor - v3.18.0 - 20-12-2023 *\/\n.elementor-widget-text-editor.elementor-drop-cap-view-stacked .elementor-drop-cap{background-color:#69727d;color:#fff}.elementor-widget-text-editor.elementor-drop-cap-view-framed .elementor-drop-cap{color:#69727d;border:3px solid;background-color:transparent}.elementor-widget-text-editor:not(.elementor-drop-cap-view-default) .elementor-drop-cap{margin-top:8px}.elementor-widget-text-editor:not(.elementor-drop-cap-view-default) .elementor-drop-cap-letter{width:1em;height:1em}.elementor-widget-text-editor .elementor-drop-cap{float:left;text-align:center;line-height:1;font-size:50px}.elementor-widget-text-editor .elementor-drop-cap-letter{display:inline-block}<\/style><p>Das Kleingedruckte ist nicht unwichtig &#8211; und das finden Sie hier auf einen Blick&#8230;und zwar nicht kleingedruckt!<\/p>\t\t<\/div>\n\t\t\t\t<\/div>\n\t\t\t\t\t<\/div>\n\t\t<\/div>\n\t\t\t\t<div class=\"elementor-column elementor-col-50 elementor-top-column elementor-element elementor-element-3f5ef3f\" data-id=\"3f5ef3f\" data-element_type=\"column\">\n\t\t\t<div class=\"elementor-widget-wrap elementor-element-populated\">\n\t\t\t\t\t\t\t\t<div class=\"elementor-element elementor-element-1c98809 elementor-widget elementor-widget-text-editor\" data-id=\"1c98809\" data-element_type=\"widget\" data-widget_type=\"text-editor.default\">\n\t\t\t\t<div class=\"elementor-widget-container\">\n\t\t\t<p class=\"p1\">Die US-amerikanische B\u00f6rsenaufsicht SEC (Securities and Exchange Commission) beaufsichtigt die Finanzm\u00e4rkte in den USA und ist eine der \u00e4ltesten Organisationen zur \u00dcberwachung der Aktivit\u00e4ten von Finanzdienstleistern, Banken und Unternehmen.<\/p><p class=\"p1\">Ihr Hauptziel ist es ein funktionsf\u00e4higes, zuverl\u00e4ssiges und stabiles Finanzsystem zu gew\u00e4hrleisten und Bankkunden, Versicherte und Anleger zu sch\u00fctzen.<\/p><p class=\"p1\">U.S. Securities and Exchange Commission<br \/>100 F Street, NE Washington<br \/>DC 20549-0213<br \/>Telephone: (800) 732-0330<br \/>Fax: (202) 772-9295<br \/><span class=\"s1\">Web: <a href=\"http:\/\/www.sec.gov\/\"><span class=\"s2\">www.sec.gov<\/span><\/a><\/span><b><span class=\"Apple-converted-space\">\u00a0<\/span><\/b><\/p><p class=\"p4\"><span class=\"s1\">Link zu Victorum Capital Inc. bei der SEC: <a href=\"https:\/\/www.sec.gov\/Archives\/edgar\/data\/0001871600\/000187160021000001\/xslFormDX01\/primary_doc.xml\"><span class=\"s3\">https:\/\/www.sec.gov\/Archives\/edgar\/data\/0001871600\/000187160021000001\/xslFormDX01\/primary_doc.xml<\/span><\/a><\/span><\/p>\t\t<\/div>\n\t\t\t\t<\/div>\n\t\t\t\t\t<\/div>\n\t\t<\/div>\n\t\t\t\t\t\t\t<\/div>\n\t\t<\/section>\n\t\t\t\t<section class=\"elementor-section elementor-top-section elementor-element elementor-element-4d43c89 elementor-section-full_width elementor-section-content-middle elementor-section-height-default elementor-section-height-default\" data-id=\"4d43c89\" data-element_type=\"section\">\n\t\t\t\t\t\t<div class=\"elementor-container elementor-column-gap-no\">\n\t\t\t\t\t<div class=\"elementor-column elementor-col-50 elementor-top-column elementor-element elementor-element-b782697\" data-id=\"b782697\" data-element_type=\"column\">\n\t\t\t<div class=\"elementor-widget-wrap\">\n\t\t\t\t\t\t\t\t\t<\/div>\n\t\t<\/div>\n\t\t\t\t<div class=\"elementor-column elementor-col-50 elementor-top-column elementor-element elementor-element-18316cf\" data-id=\"18316cf\" data-element_type=\"column\">\n\t\t\t<div class=\"elementor-widget-wrap elementor-element-populated\">\n\t\t\t\t\t\t\t\t<div class=\"elementor-element elementor-element-060d046 elementor-widget elementor-widget-text-editor\" data-id=\"060d046\" data-element_type=\"widget\" data-widget_type=\"text-editor.default\">\n\t\t\t\t<div class=\"elementor-widget-container\">\n\t\t\t<p class=\"p1\"><b>Weitere Hinweise<\/b><\/p><p class=\"p1\">Die Victorum Capital Inc. akquiriert Kapital f\u00fcr ihre Expansion durch den Verkauf von Wertpapieren an Ihrem Unternehmen an qualifizierte Anleger unter Ausschluss von Personen in Gerichtsbarkeiten, in denen der Kauf solcher Wertpapieren gesetzlich nicht zul\u00e4ssig und\/oder verboten ist.<span class=\"Apple-converted-space\">\u00a0<\/span><\/p><p class=\"p1\">Unternehmen und Personen, die von solchen Verboten betroffen sind, wird es ausdr\u00fccklich untersagt, unsere Wertpapiere zu zeichnen oder diese Website zu nutzen.<\/p><p class=\"p1\">Als Aktiengesellschaft welche Ihre Wertpapiere qualifizierten Investoren offeriert, unterliegt die Victorum Capital Inc. der U.S. Securities and Exchange Commission (SEC) auf Grundlage der Rule 506 (c) der Regulation D der US-B\u00f6rsenaufsicht SEC (<a href=\"http:\/\/www.sec.gov\/answers\/rule506.htm\"><span class=\"s1\">http:\/\/www.sec.gov\/answers\/rule506.htm<\/span><\/a>).<\/p><p class=\"p1\">U.S. Securities and Exchange Commission<\/p><p class=\"p1\">100 F Street, NE Washington<br \/>DC 20549-0213<br \/>Telephone: (800) 732-0330<br \/>Fax: (202) 772-9295<br \/><span class=\"s2\">Web: <a href=\"http:\/\/www.sec.gov\/\"><span class=\"s3\">www.sec.gov<\/span><\/a><\/span><b><span class=\"Apple-converted-space\">\u00a0<\/span><\/b><\/p>\t\t<\/div>\n\t\t\t\t<\/div>\n\t\t\t\t\t<\/div>\n\t\t<\/div>\n\t\t\t\t\t\t\t<\/div>\n\t\t<\/section>\n\t\t\t\t<section class=\"elementor-section elementor-top-section elementor-element elementor-element-c2d181b elementor-section-full_width elementor-section-content-middle elementor-section-height-default elementor-section-height-default\" data-id=\"c2d181b\" data-element_type=\"section\">\n\t\t\t\t\t\t<div class=\"elementor-container elementor-column-gap-no\">\n\t\t\t\t\t<div class=\"elementor-column elementor-col-50 elementor-top-column elementor-element elementor-element-9353b89\" data-id=\"9353b89\" data-element_type=\"column\">\n\t\t\t<div class=\"elementor-widget-wrap\">\n\t\t\t\t\t\t\t\t\t<\/div>\n\t\t<\/div>\n\t\t\t\t<div class=\"elementor-column elementor-col-50 elementor-top-column elementor-element elementor-element-83d1cba\" data-id=\"83d1cba\" data-element_type=\"column\">\n\t\t\t<div class=\"elementor-widget-wrap elementor-element-populated\">\n\t\t\t\t\t\t\t\t<div class=\"elementor-element elementor-element-c605a3a elementor-widget elementor-widget-text-editor\" data-id=\"c605a3a\" data-element_type=\"widget\" data-widget_type=\"text-editor.default\">\n\t\t\t\t<div class=\"elementor-widget-container\">\n\t\t\t<p class=\"p1\"><b>Keine Aufforderung zum Kauf oder Verkauf von Wertpapieren<span class=\"Apple-converted-space\">\u00a0<\/span><\/b><\/p><p class=\"p1\">Die Inhalte auf dieser Seite stellen weder ein Angebot zum Verkauf noch eine Aufforderung zum Kauf oder zur Zeichnung von Wertpapieren dar. Eine Zeichnung erfolgt ausschlie\u00dflich durch und auf Basis der Rule 506 (c) der Regulation D der US-B\u00f6rsenaufsicht SEC <a href=\"http:\/\/www.sec.gov\/answers\/rule506.htm\"><span class=\"s1\">http:\/\/www.sec.gov\/answers\/rule506.htm<\/span><\/a>.<\/p><p class=\"p1\">Diese Verordnung regelt die Befreiungen und Freistellungen von kleinen und mittelst\u00e4ndischen Unternehmen bei Ihrer Kapitalbeschaffung von bestimmten Richtlinien des Securities Acts. Rule 506 der Regulation D befreit entsprechende Unternehmen von den Auflagen des \u00a7 4 (a) (2) des Securities Act und erlaubt es diesen Unternehmen eine unbegrenzte Menge an Kapital zu akquirieren, ggf. Werbung zu betreiben und trotzdem die Kapitalbeschaffungsma\u00dfnahme als Private Placements deklarieren zu k\u00f6nnen.<span class=\"Apple-converted-space\">\u00a0<\/span><\/p>\t\t<\/div>\n\t\t\t\t<\/div>\n\t\t\t\t\t<\/div>\n\t\t<\/div>\n\t\t\t\t\t\t\t<\/div>\n\t\t<\/section>\n\t\t\t\t\t\t\t<\/div>","protected":false},"excerpt":{"rendered":"<p>Regulierung Das Kleingedruckte ist nicht unwichtig &#8211; und das finden Sie hier auf einen Blick&#8230;und zwar nicht kleingedruckt! Die US-amerikanische B\u00f6rsenaufsicht SEC (Securities and Exchange Commission) beaufsichtigt die Finanzm\u00e4rkte in den USA und ist eine der \u00e4ltesten Organisationen zur \u00dcberwachung der Aktivit\u00e4ten von Finanzdienstleistern, Banken und Unternehmen. Ihr Hauptziel ist es ein funktionsf\u00e4higes, zuverl\u00e4ssiges und [&hellip;]<\/p>\n","protected":false},"author":2,"featured_media":0,"parent":0,"menu_order":0,"comment_status":"closed","ping_status":"closed","template":"","meta":{"_acf_changed":false,"footnotes":""},"acf":[],"_links":{"self":[{"href":"https:\/\/victorum-capital.com\/ru\/wp-json\/wp\/v2\/pages\/566"}],"collection":[{"href":"https:\/\/victorum-capital.com\/ru\/wp-json\/wp\/v2\/pages"}],"about":[{"href":"https:\/\/victorum-capital.com\/ru\/wp-json\/wp\/v2\/types\/page"}],"author":[{"embeddable":true,"href":"https:\/\/victorum-capital.com\/ru\/wp-json\/wp\/v2\/users\/2"}],"replies":[{"embeddable":true,"href":"https:\/\/victorum-capital.com\/ru\/wp-json\/wp\/v2\/comments?post=566"}],"version-history":[{"count":22,"href":"https:\/\/victorum-capital.com\/ru\/wp-json\/wp\/v2\/pages\/566\/revisions"}],"predecessor-version":[{"id":2770,"href":"https:\/\/victorum-capital.com\/ru\/wp-json\/wp\/v2\/pages\/566\/revisions\/2770"}],"wp:attachment":[{"href":"https:\/\/victorum-capital.com\/ru\/wp-json\/wp\/v2\/media?parent=566"}],"curies":[{"name":"wp","href":"https:\/\/api.w.org\/{rel}","templated":true}]}}