{"id":560,"date":"2021-11-08T19:27:27","date_gmt":"2021-11-08T18:27:27","guid":{"rendered":"https:\/\/victorum-capital.com\/ru\/?page_id=560"},"modified":"2022-02-24T19:31:02","modified_gmt":"2022-02-24T18:31:02","slug":"impressum","status":"publish","type":"page","link":"https:\/\/victorum-capital.com\/ru\/impressum\/","title":{"rendered":"Impressum"},"content":{"rendered":"<div data-elementor-type=\"wp-page\" data-elementor-id=\"560\" class=\"elementor elementor-560\">\n\t\t\t\t\t\t\t\t\t<section class=\"elementor-section elementor-top-section elementor-element elementor-element-7e56929 elementor-section-full_width elementor-section-content-middle elementor-section-height-default elementor-section-height-default\" data-id=\"7e56929\" data-element_type=\"section\">\n\t\t\t\t\t\t<div class=\"elementor-container elementor-column-gap-no\">\n\t\t\t\t\t<div class=\"elementor-column elementor-col-50 elementor-top-column elementor-element elementor-element-408ae1b\" data-id=\"408ae1b\" data-element_type=\"column\">\n\t\t\t<div class=\"elementor-widget-wrap elementor-element-populated\">\n\t\t\t\t\t\t\t\t<div class=\"elementor-element elementor-element-aa31977 elementor-widget elementor-widget-heading\" data-id=\"aa31977\" data-element_type=\"widget\" data-widget_type=\"heading.default\">\n\t\t\t\t<div class=\"elementor-widget-container\">\n\t\t\t<style>\/*! elementor - v3.18.0 - 20-12-2023 *\/\n.elementor-heading-title{padding:0;margin:0;line-height:1}.elementor-widget-heading .elementor-heading-title[class*=elementor-size-]>a{color:inherit;font-size:inherit;line-height:inherit}.elementor-widget-heading .elementor-heading-title.elementor-size-small{font-size:15px}.elementor-widget-heading .elementor-heading-title.elementor-size-medium{font-size:19px}.elementor-widget-heading .elementor-heading-title.elementor-size-large{font-size:29px}.elementor-widget-heading .elementor-heading-title.elementor-size-xl{font-size:39px}.elementor-widget-heading .elementor-heading-title.elementor-size-xxl{font-size:59px}<\/style><h3 class=\"elementor-heading-title elementor-size-default\">Impressum<\/h3>\t\t<\/div>\n\t\t\t\t<\/div>\n\t\t\t\t<div class=\"elementor-element elementor-element-6c28072 elementor-widget-divider--view-line elementor-widget elementor-widget-divider\" data-id=\"6c28072\" data-element_type=\"widget\" data-widget_type=\"divider.default\">\n\t\t\t\t<div class=\"elementor-widget-container\">\n\t\t\t<style>\/*! elementor - v3.18.0 - 20-12-2023 *\/\n.elementor-widget-divider{--divider-border-style:none;--divider-border-width:1px;--divider-color:#0c0d0e;--divider-icon-size:20px;--divider-element-spacing:10px;--divider-pattern-height:24px;--divider-pattern-size:20px;--divider-pattern-url:none;--divider-pattern-repeat:repeat-x}.elementor-widget-divider .elementor-divider{display:flex}.elementor-widget-divider .elementor-divider__text{font-size:15px;line-height:1;max-width:95%}.elementor-widget-divider .elementor-divider__element{margin:0 var(--divider-element-spacing);flex-shrink:0}.elementor-widget-divider .elementor-icon{font-size:var(--divider-icon-size)}.elementor-widget-divider .elementor-divider-separator{display:flex;margin:0;direction:ltr}.elementor-widget-divider--view-line_icon .elementor-divider-separator,.elementor-widget-divider--view-line_text .elementor-divider-separator{align-items:center}.elementor-widget-divider--view-line_icon .elementor-divider-separator:after,.elementor-widget-divider--view-line_icon .elementor-divider-separator:before,.elementor-widget-divider--view-line_text .elementor-divider-separator:after,.elementor-widget-divider--view-line_text .elementor-divider-separator:before{display:block;content:\"\";border-bottom:0;flex-grow:1;border-top:var(--divider-border-width) var(--divider-border-style) var(--divider-color)}.elementor-widget-divider--element-align-left .elementor-divider .elementor-divider-separator>.elementor-divider__svg:first-of-type{flex-grow:0;flex-shrink:100}.elementor-widget-divider--element-align-left .elementor-divider-separator:before{content:none}.elementor-widget-divider--element-align-left .elementor-divider__element{margin-left:0}.elementor-widget-divider--element-align-right .elementor-divider .elementor-divider-separator>.elementor-divider__svg:last-of-type{flex-grow:0;flex-shrink:100}.elementor-widget-divider--element-align-right .elementor-divider-separator:after{content:none}.elementor-widget-divider--element-align-right .elementor-divider__element{margin-right:0}.elementor-widget-divider:not(.elementor-widget-divider--view-line_text):not(.elementor-widget-divider--view-line_icon) .elementor-divider-separator{border-top:var(--divider-border-width) var(--divider-border-style) var(--divider-color)}.elementor-widget-divider--separator-type-pattern{--divider-border-style:none}.elementor-widget-divider--separator-type-pattern.elementor-widget-divider--view-line .elementor-divider-separator,.elementor-widget-divider--separator-type-pattern:not(.elementor-widget-divider--view-line) .elementor-divider-separator:after,.elementor-widget-divider--separator-type-pattern:not(.elementor-widget-divider--view-line) .elementor-divider-separator:before,.elementor-widget-divider--separator-type-pattern:not([class*=elementor-widget-divider--view]) .elementor-divider-separator{width:100%;min-height:var(--divider-pattern-height);-webkit-mask-size:var(--divider-pattern-size) 100%;mask-size:var(--divider-pattern-size) 100%;-webkit-mask-repeat:var(--divider-pattern-repeat);mask-repeat:var(--divider-pattern-repeat);background-color:var(--divider-color);-webkit-mask-image:var(--divider-pattern-url);mask-image:var(--divider-pattern-url)}.elementor-widget-divider--no-spacing{--divider-pattern-size:auto}.elementor-widget-divider--bg-round{--divider-pattern-repeat:round}.rtl .elementor-widget-divider .elementor-divider__text{direction:rtl}.e-con-inner>.elementor-widget-divider,.e-con>.elementor-widget-divider{width:var(--container-widget-width,100%);--flex-grow:var(--container-widget-flex-grow)}<\/style><div class=\"elementor-divider\">\n\t\t\t<span class=\"elementor-divider-separator\">\n\t\t\t\t\t\t<\/span>\n\t\t<\/div>\t\t<\/div>\n\t\t\t\t<\/div>\n\t\t\t\t<div class=\"elementor-element elementor-element-95c8041 elementor-widget elementor-widget-text-editor\" data-id=\"95c8041\" data-element_type=\"widget\" data-widget_type=\"text-editor.default\">\n\t\t\t\t<div class=\"elementor-widget-container\">\n\t\t\t<style>\/*! elementor - v3.18.0 - 20-12-2023 *\/\n.elementor-widget-text-editor.elementor-drop-cap-view-stacked .elementor-drop-cap{background-color:#69727d;color:#fff}.elementor-widget-text-editor.elementor-drop-cap-view-framed .elementor-drop-cap{color:#69727d;border:3px solid;background-color:transparent}.elementor-widget-text-editor:not(.elementor-drop-cap-view-default) .elementor-drop-cap{margin-top:8px}.elementor-widget-text-editor:not(.elementor-drop-cap-view-default) .elementor-drop-cap-letter{width:1em;height:1em}.elementor-widget-text-editor .elementor-drop-cap{float:left;text-align:center;line-height:1;font-size:50px}.elementor-widget-text-editor .elementor-drop-cap-letter{display:inline-block}<\/style><p>Das Kleingedruckte ist nicht unwichtig &#8211; und das finden Sie hier auf einen Blick&#8230;<br \/>und zwar nicht kleingedruckt!<\/p>\t\t<\/div>\n\t\t\t\t<\/div>\n\t\t\t\t\t<\/div>\n\t\t<\/div>\n\t\t\t\t<div class=\"elementor-column elementor-col-50 elementor-top-column elementor-element elementor-element-3f5ef3f\" data-id=\"3f5ef3f\" data-element_type=\"column\">\n\t\t\t<div class=\"elementor-widget-wrap elementor-element-populated\">\n\t\t\t\t\t\t\t\t<div class=\"elementor-element elementor-element-5d53abc elementor-widget elementor-widget-text-editor\" data-id=\"5d53abc\" data-element_type=\"widget\" data-widget_type=\"text-editor.default\">\n\t\t\t\t<div class=\"elementor-widget-container\">\n\t\t\t<p>Unternehmensangaben &amp; Angaben zum Webseitenbetreiber<\/p>\t\t<\/div>\n\t\t\t\t<\/div>\n\t\t\t\t<div class=\"elementor-element elementor-element-1c98809 elementor-widget elementor-widget-text-editor\" data-id=\"1c98809\" data-element_type=\"widget\" data-widget_type=\"text-editor.default\">\n\t\t\t\t<div class=\"elementor-widget-container\">\n\t\t\t<h3><strong>Victorum Capital Inc.<\/strong><\/h3><p>2102-58 Keefer Place<br \/>Vancouver, BC V6B 0B6, Canada<\/p><h3><strong>Gesetzlicher Vertreter:<\/strong><\/h3><p>CEO Siegfried G\u00fcnter<\/p><p><strong>Telefon: <\/strong><a href=\"tel:+16042600738\">+1 604-260-0738<\/a><\/p><p><strong>Compliance:<\/strong> <a href=\"mailto:compliance@victorum-capital.com\">compliance@victorum-capital.com<\/a><\/p><p><strong>Pressekontakt:<\/strong> <a href=\"mailto:press@victorum-capital.com\">press@victorum-capital.com<\/a><\/p><p><strong>Administration:<\/strong> <a href=\"mailto:administration@victorum-capital.com\">administration@victorum-capital.com<\/a><\/p><p>Eingetragen beim State of British Columbia mit der Incorporation Number: 790478002BC0001<\/p>\t\t<\/div>\n\t\t\t\t<\/div>\n\t\t\t\t\t<\/div>\n\t\t<\/div>\n\t\t\t\t\t\t\t<\/div>\n\t\t<\/section>\n\t\t\t\t<section class=\"elementor-section elementor-top-section elementor-element elementor-element-4d43c89 elementor-section-full_width elementor-section-content-middle elementor-section-height-default elementor-section-height-default\" data-id=\"4d43c89\" data-element_type=\"section\">\n\t\t\t\t\t\t<div class=\"elementor-container elementor-column-gap-no\">\n\t\t\t\t\t<div class=\"elementor-column elementor-col-50 elementor-top-column elementor-element elementor-element-b782697\" data-id=\"b782697\" data-element_type=\"column\">\n\t\t\t<div class=\"elementor-widget-wrap\">\n\t\t\t\t\t\t\t\t\t<\/div>\n\t\t<\/div>\n\t\t\t\t<div class=\"elementor-column elementor-col-50 elementor-top-column elementor-element elementor-element-18316cf\" data-id=\"18316cf\" data-element_type=\"column\">\n\t\t\t<div class=\"elementor-widget-wrap elementor-element-populated\">\n\t\t\t\t\t\t\t\t<div class=\"elementor-element elementor-element-060d046 elementor-widget elementor-widget-text-editor\" data-id=\"060d046\" data-element_type=\"widget\" data-widget_type=\"text-editor.default\">\n\t\t\t\t<div class=\"elementor-widget-container\">\n\t\t\t<h3><strong>Angaben zu den Victorum Capital Inc. Wertpapieren<\/strong><\/h3><p>STYLE: COMMON CLASS A RESTRICTED SHARES<br \/>ISIN: CA92642D1024<br \/>CUSIP: 92642D102<\/p><h3><strong>Transfer Agent<\/strong><\/h3><p>Integral Transfer Agency Inc.<br \/>100 Queen St E<br \/>Toronto, ON M5C 1S6,\u00a0Canada\u00a0<\/p><p><a href=\"http:\/\/www.integraltransfer.com\">www.integraltransfer.com<\/a><\/p><h3><strong>Zust\u00e4ndige Regulierungsbeh\u00f6rde<\/strong><\/h3><p>U.S. Securities and Exchange Commission<br \/>100 F Street, NE Washington<br \/>DC 20549-0213<\/p><p>Telephone: (800) 732-0330<br \/>Fax: (202) 772-9295<\/p><p><a href=\"http:\/\/www.sec.gov\">www.sec.gov\u00a0<\/a><\/p>\t\t<\/div>\n\t\t\t\t<\/div>\n\t\t\t\t\t<\/div>\n\t\t<\/div>\n\t\t\t\t\t\t\t<\/div>\n\t\t<\/section>\n\t\t\t\t<section class=\"elementor-section elementor-top-section elementor-element elementor-element-c2d181b elementor-section-full_width elementor-section-content-middle elementor-section-height-default elementor-section-height-default\" data-id=\"c2d181b\" data-element_type=\"section\">\n\t\t\t\t\t\t<div class=\"elementor-container elementor-column-gap-no\">\n\t\t\t\t\t<div class=\"elementor-column elementor-col-50 elementor-top-column elementor-element elementor-element-9353b89\" data-id=\"9353b89\" data-element_type=\"column\">\n\t\t\t<div class=\"elementor-widget-wrap\">\n\t\t\t\t\t\t\t\t\t<\/div>\n\t\t<\/div>\n\t\t\t\t<div class=\"elementor-column elementor-col-50 elementor-top-column elementor-element elementor-element-83d1cba\" data-id=\"83d1cba\" data-element_type=\"column\">\n\t\t\t<div class=\"elementor-widget-wrap elementor-element-populated\">\n\t\t\t\t\t\t\t\t<div class=\"elementor-element elementor-element-c605a3a elementor-widget elementor-widget-text-editor\" data-id=\"c605a3a\" data-element_type=\"widget\" data-widget_type=\"text-editor.default\">\n\t\t\t\t<div class=\"elementor-widget-container\">\n\t\t\t<h3><b>Weitere Hinweise<\/b><\/h3>\n<p class=\"p1\">Die Victorum Capital Inc. ist als Inhaltsanbieterin f\u00fcr die eigenen Inhalte verantwortlich, die sie zur Nutzung anbietet. Von den Verweisen (Links) auf andere Anbieter und deren Inhalte ist dies streng zu unterscheiden. F\u00fcr diese fremden Inhalte ist Victorum Capital Inc. nur dann verantwortlich, wenn sie von ihnen positive Kenntnis hat und es ihr technisch m\u00f6glich und zumutbar ist, deren Nutzung zu verhindern.\n<br><br>\nVictorum Capital Inc. wird erst dann einen Verweis auf den Inhalt aufheben, wenn zivilrechtliche oder strafrechtliche Verantwortlichkeit durch einen Link ausgel\u00f6st wird und Victorum Capital Inc. dies zuvor festgestellt hat oder darauf hingewiesen wird. Es muss ihr aber auch daher technisch m\u00f6glich und zumutbar sein diese \u00c4nderung durchf\u00fchren zu k\u00f6nnen. Die technische M\u00f6glichkeit und Zumutbarkeit wird nicht dadurch beeinflusst, dass auch nach Unterbindung des Zugriffs von der Domain www.victorum-capital.com von anderen Servern auf das rechtswidrige Angebot zugegriffen werden kann.<br><br>Die auf diesen Seiten abrufbaren Inhalte dienen ausschlie\u00dflich der generellen Information. F\u00fcr deren Richtigkeit und Wiedergabe wird keine Gew\u00e4hr \u00fcbernommen. Weder durch das Lesen noch durch sonstige Nutzungsweisen von Informationen sollen diese als Aufforderung zum Kauf von Wertpapieren oder zur Aufnahme von jeglichen anderen Gesch\u00e4ftsaktivit\u00e4ten von und mit der Victorum Capital Inc. betrachtet werden oder wird aus Rat oder Auskunft gehaftet. Die Haftung f\u00fcr den Inhalt der abrufbaren Informationen wird ausgeschlossen, soweit es sich nicht um vors\u00e4tzlich oder grob fahrl\u00e4ssige Falschinformationen handelt. Es wird darauf hingewiesen, dass unverschl\u00fcsselte Kommunikation via E-Mail unsicher ist, so dass eine Haftung f\u00fcr \u00fcbermittelte Mitteilungen, insbesondere zur Fristwahrung, ausgeschlossen ist! Wertpapierzeichnungen oder Kooperationen kommen erst durch Annahmeerkl\u00e4rung der Victorum Capital Inc. zustande. Bei unverschl\u00fcsselter Erst\u00fcbermittlung von E-Mails wird das Einverst\u00e4ndnis zur unverschl\u00fcsselten Kommunikation unterstellt.<\/p>\t\t<\/div>\n\t\t\t\t<\/div>\n\t\t\t\t\t<\/div>\n\t\t<\/div>\n\t\t\t\t\t\t\t<\/div>\n\t\t<\/section>\n\t\t\t\t\t\t\t<\/div>","protected":false},"excerpt":{"rendered":"<p>Impressum Das Kleingedruckte ist nicht unwichtig &#8211; und das finden Sie hier auf einen Blick&#8230;und zwar nicht kleingedruckt! Unternehmensangaben &amp; Angaben zum Webseitenbetreiber Victorum Capital Inc. 2102-58 Keefer PlaceVancouver, BC V6B 0B6, Canada Gesetzlicher Vertreter: CEO Siegfried G\u00fcnter Telefon: +1 604-260-0738 Compliance: compliance@victorum-capital.com Pressekontakt: press@victorum-capital.com Administration: administration@victorum-capital.com Eingetragen beim State of British Columbia mit der [&hellip;]<\/p>\n","protected":false},"author":2,"featured_media":0,"parent":0,"menu_order":0,"comment_status":"closed","ping_status":"closed","template":"","meta":{"_acf_changed":false,"footnotes":""},"acf":[],"_links":{"self":[{"href":"https:\/\/victorum-capital.com\/ru\/wp-json\/wp\/v2\/pages\/560"}],"collection":[{"href":"https:\/\/victorum-capital.com\/ru\/wp-json\/wp\/v2\/pages"}],"about":[{"href":"https:\/\/victorum-capital.com\/ru\/wp-json\/wp\/v2\/types\/page"}],"author":[{"embeddable":true,"href":"https:\/\/victorum-capital.com\/ru\/wp-json\/wp\/v2\/users\/2"}],"replies":[{"embeddable":true,"href":"https:\/\/victorum-capital.com\/ru\/wp-json\/wp\/v2\/comments?post=560"}],"version-history":[{"count":103,"href":"https:\/\/victorum-capital.com\/ru\/wp-json\/wp\/v2\/pages\/560\/revisions"}],"predecessor-version":[{"id":3483,"href":"https:\/\/victorum-capital.com\/ru\/wp-json\/wp\/v2\/pages\/560\/revisions\/3483"}],"wp:attachment":[{"href":"https:\/\/victorum-capital.com\/ru\/wp-json\/wp\/v2\/media?parent=560"}],"curies":[{"name":"wp","href":"https:\/\/api.w.org\/{rel}","templated":true}]}}